{"id":370,"date":"2016-02-21T22:52:56","date_gmt":"2016-02-21T22:52:56","guid":{"rendered":"http:\/\/localhost\/galla\/sq\/?page_id=370"},"modified":"2018-09-19T08:41:49","modified_gmt":"2018-09-19T08:41:49","slug":"fillimi","status":"publish","type":"page","link":"https:\/\/galla.mk\/sq\/","title":{"rendered":"Fillimi"},"content":{"rendered":"<div id=\"pl-370\"  class=\"panel-layout\" ><div id=\"pg-370-0\"  class=\"panel-grid panel-no-style\" ><div id=\"pgc-370-0-0\"  class=\"panel-grid-cell\" ><div id=\"panel-370-0-0-0\" class=\"so-panel widget widget_text panel-first-child\" data-index=\"0\" ><div class=\"panel-widget-style panel-widget-style-for-370-0-0-0\" >\t\t\t<div class=\"textwidget\">Produkte t\u00eb kafes\u00eb<\/div>\n\t\t<\/div><\/div><div id=\"panel-370-0-0-1\" class=\"so-panel widget widget_siteorigin-panels-builder panel-last-child\" data-index=\"1\" ><div id=\"pl-w56d4a36ec5a28\"  class=\"panel-layout\" ><div id=\"pg-w56d4a36ec5a28-0\"  class=\"panel-grid panel-no-style\" ><div id=\"pgc-w56d4a36ec5a28-0-0\"  class=\"panel-grid-cell\" ><div id=\"panel-w56d4a36ec5a28-0-0-0\" class=\"so-panel widget widget_sow-image panel-first-child panel-last-child\" data-index=\"0\" ><div class=\"titullikafese-classic panel-widget-style panel-widget-style-for-w56d4a36ec5a28-0-0-0\" ><div class=\"so-widget-sow-image so-widget-sow-image-default-d6014b76747a\">\n\n<div class=\"sow-image-container\">\n<a href=\"https:\/\/galla.mk\/sq\/espresso-galla\/\" >\t<img src=\"https:\/\/galla.mk\/wp-content\/uploads\/2016\/02\/classici-222x300.jpg\" width=\"222\" height=\"300\" srcset=\"https:\/\/galla.mk\/wp-content\/uploads\/2016\/02\/classici-222x300.jpg 222w, https:\/\/galla.mk\/wp-content\/uploads\/2016\/02\/classici-768x1038.jpg 768w, https:\/\/galla.mk\/wp-content\/uploads\/2016\/02\/classici-758x1024.jpg 758w, https:\/\/galla.mk\/wp-content\/uploads\/2016\/02\/classici-1200x1621.jpg 1200w\" sizes=\"(max-width: 222px) 85vw, 222px\" title=\"GALLA CLASSIC\" alt=\"\" \t\tclass=\"so-widget-image\"\/>\n<\/a><\/div>\n\n\t<h3 class=\"widget-title\">GALLA CLASSIC<\/h3><\/div><\/div><\/div><\/div><div id=\"pgc-w56d4a36ec5a28-0-1\"  class=\"panel-grid-cell\" ><div id=\"panel-w56d4a36ec5a28-0-1-0\" class=\"so-panel widget widget_sow-image panel-first-child panel-last-child\" data-index=\"1\" ><div class=\"titullikafese-aroma panel-widget-style panel-widget-style-for-w56d4a36ec5a28-0-1-0\" ><div class=\"so-widget-sow-image so-widget-sow-image-default-17bc2272b535\">\n\n<div class=\"sow-image-container\">\n<a href=\"https:\/\/galla.mk\/sq\/espresso-galla\/\" >\t<img src=\"https:\/\/galla.mk\/wp-content\/uploads\/2016\/02\/aromai-222x300.jpg\" width=\"222\" height=\"300\" srcset=\"https:\/\/galla.mk\/wp-content\/uploads\/2016\/02\/aromai-222x300.jpg 222w, https:\/\/galla.mk\/wp-content\/uploads\/2016\/02\/aromai-768x1038.jpg 768w, https:\/\/galla.mk\/wp-content\/uploads\/2016\/02\/aromai-758x1024.jpg 758w, https:\/\/galla.mk\/wp-content\/uploads\/2016\/02\/aromai-1200x1621.jpg 1200w\" sizes=\"(max-width: 222px) 85vw, 222px\" title=\"GALLA AROMA\" alt=\"\" \t\tclass=\"so-widget-image\"\/>\n<\/a><\/div>\n\n\t<h3 class=\"widget-title\">GALLA AROMA<\/h3><\/div><\/div><\/div><\/div><div id=\"pgc-w56d4a36ec5a28-0-2\"  class=\"panel-grid-cell\" ><div id=\"panel-w56d4a36ec5a28-0-2-0\" class=\"so-panel widget widget_sow-image panel-first-child panel-last-child\" data-index=\"2\" ><div class=\"titullikafese-cream panel-widget-style panel-widget-style-for-w56d4a36ec5a28-0-2-0\" ><div class=\"so-widget-sow-image so-widget-sow-image-default-17bc2272b535\">\n\n<div class=\"sow-image-container\">\n<a href=\"https:\/\/galla.mk\/sq\/espresso-galla\/\" >\t<img src=\"https:\/\/galla.mk\/wp-content\/uploads\/2016\/02\/creami-222x300.jpg\" width=\"222\" height=\"300\" srcset=\"https:\/\/galla.mk\/wp-content\/uploads\/2016\/02\/creami-222x300.jpg 222w, https:\/\/galla.mk\/wp-content\/uploads\/2016\/02\/creami-768x1038.jpg 768w, https:\/\/galla.mk\/wp-content\/uploads\/2016\/02\/creami-758x1024.jpg 758w, https:\/\/galla.mk\/wp-content\/uploads\/2016\/02\/creami-1200x1621.jpg 1200w\" sizes=\"(max-width: 222px) 85vw, 222px\" title=\"GALLA CREAM\" alt=\"\" \t\tclass=\"so-widget-image\"\/>\n<\/a><\/div>\n\n\t<h3 class=\"widget-title\">GALLA CREAM<\/h3><\/div><\/div><\/div><\/div><\/div><\/div><\/div><\/div><\/div><div id=\"pg-370-1\"  class=\"panel-grid panel-has-style\" ><div class=\"siteorigin-panels-stretch panel-row-style panel-row-style-for-370-1\" data-stretch-type=\"full\" ><div id=\"pgc-370-1-0\"  class=\"panel-grid-cell panel-grid-cell-empty\" ><\/div><div id=\"pgc-370-1-1\"  class=\"panel-grid-cell\" ><div id=\"panel-370-1-1-0\" class=\"so-panel widget widget_sow-editor panel-first-child panel-last-child\" data-index=\"2\" ><div class=\"so-widget-sow-editor so-widget-sow-editor-base\">\n<div class=\"siteorigin-widget-tinymce textwidget\">\n\t<div style=\"font-family: 'Oswald', Sans-serif;color: #fff;font-size: 12pt;margin-top: 5%;background: rgba(43, 43, 43, 0.56);padding: 10px;\">\nBrendi Galla Espreso p\u00ebrfaq\u00ebson p\u00ebrvoj\u00ebn nj\u00ebmb\u00ebdhjet\u00eb vje\u00e7are n\u00eb prodhim e kafes\u00eb s\u00eb p\u00ebrzier nga lloje t\u00eb ndryshme t\u00eb l\u00ebnd\u00ebve t\u00eb para t\u00eb d\u00ebshmuara dhe cil\u00ebsore.<\/p>\n<p>Me aplikimin e standardeve t\u00eb larta t\u00eb kontrollit t\u00eb cil\u00ebsis\u00eb dhe teknologjis\u00eb m\u00eb t\u00eb fundit n\u00eb procesin e prodhimit dhe t\u00eb pjekjes dhe me p\u00ebrzierjen e shtat\u00eb llojeve t\u00eb ndryshme t\u00eb kafes\u00eb s\u00eb gjelb\u00ebr, ne kemi arritur n\u00eb nj\u00eb recet\u00eb t\u00eb ve\u00e7ant\u00eb.<\/p>\n<p>Gama e produkteve tona t\u00eb ofruara p\u00ebrb\u00ebhet nga kat\u00ebr lloje t\u00eb espersos nga t\u00eb cilat ve\u00e7ohet espresoja Black Premium.<\/p>\n<p>Dizajnet e ndryshme t\u00eb filxhan\u00ebve t\u00eb kafes\u00eb, forma, ngjyra dhe modelet jan\u00eb karakteristik\u00eb dalluese e Galla Caffe, me \u00e7ka p\u00ebrmbushim diversitetin dhe bujarin\u00eb.\n<\/p><\/div>\n<\/div>\n<\/div><\/div><\/div><\/div><\/div><div id=\"pg-370-2\"  class=\"panel-grid panel-has-style\" ><div class=\"siteorigin-panels-stretch panel-row-style panel-row-style-for-370-2\" data-stretch-type=\"full\" ><div id=\"pgc-370-2-0\"  class=\"panel-grid-cell\" ><div id=\"panel-370-2-0-0\" class=\"so-panel widget widget_sow-image panel-first-child panel-last-child\" data-index=\"3\" ><div class=\"panel-widget-style panel-widget-style-for-370-2-0-0\" ><div class=\"so-widget-sow-image so-widget-sow-image-default-17bc2272b535\">\n\n<div class=\"sow-image-container\">\n\t<img src=\"https:\/\/galla.mk\/wp-content\/uploads\/2016\/02\/200Premium.png\" width=\"201\" height=\"200\" srcset=\"https:\/\/galla.mk\/wp-content\/uploads\/2016\/02\/200Premium.png 201w, https:\/\/galla.mk\/wp-content\/uploads\/2016\/02\/200Premium-150x150.png 150w\" sizes=\"(max-width: 201px) 85vw, 201px\" alt=\"\" \t\tclass=\"so-widget-image\"\/>\n<\/div>\n\n<\/div><\/div><\/div><\/div><div id=\"pgc-370-2-1\"  class=\"panel-grid-cell panel-grid-cell-empty\" ><\/div><div id=\"pgc-370-2-2\"  class=\"panel-grid-cell\" ><div id=\"panel-370-2-2-0\" class=\"so-panel widget widget_sow-image panel-first-child panel-last-child\" data-index=\"4\" ><div class=\"panel-widget-style panel-widget-style-for-370-2-2-0\" ><div class=\"so-widget-sow-image so-widget-sow-image-default-d6014b76747a\">\n\n<div class=\"sow-image-container\">\n<a href=\"https:\/\/galla.mk\/sq\/black-premium\/\" >\t<img src=\"https:\/\/galla.mk\/wp-content\/uploads\/2016\/02\/Black-Premium-e1456342460627.png\" width=\"2282\" height=\"3576\" srcset=\"https:\/\/galla.mk\/wp-content\/uploads\/2016\/02\/Black-Premium-e1456342460627.png 2282w, https:\/\/galla.mk\/wp-content\/uploads\/2016\/02\/Black-Premium-e1456342460627-191x300.png 191w, https:\/\/galla.mk\/wp-content\/uploads\/2016\/02\/Black-Premium-e1456342460627-768x1203.png 768w, https:\/\/galla.mk\/wp-content\/uploads\/2016\/02\/Black-Premium-e1456342460627-653x1024.png 653w, https:\/\/galla.mk\/wp-content\/uploads\/2016\/02\/Black-Premium-e1456342460627-1200x1880.png 1200w\" sizes=\"(max-width: 709px) 85vw, (max-width: 909px) 67vw, (max-width: 1362px) 62vw, 840px\" title=\"Black-Premium\" alt=\"\" \t\tclass=\"so-widget-image\"\/>\n<\/a><\/div>\n\n<\/div><\/div><\/div><\/div><\/div><\/div><div id=\"pg-370-3\"  class=\"panel-grid panel-has-style\" ><div class=\"panel-row-style panel-row-style-for-370-3\" ><div id=\"pgc-370-3-0\"  class=\"panel-grid-cell\" ><div id=\"panel-370-3-0-0\" class=\"so-panel widget widget_sow-editor panel-first-child panel-last-child\" data-index=\"5\" ><div class=\"so-widget-sow-editor so-widget-sow-editor-base\">\n<div class=\"siteorigin-widget-tinymce textwidget\">\n\t<h1 style=\"text-align: center;\">KONTAKTONI<\/h1>\n<p style=\"text-align: center; font-size: 20pt; line-height: normal;\">Keni pyetje ose sygjerim?<br \/>\nAt\u00ebher\u00eb plot\u00ebsoni formularin n\u00eb Kontakt dhe shkruani detajet tuaja.<br \/>\nSh\u00ebrbimi p\u00ebr konsumator\u00ebt do t'ju kontaktoj\u00eb s\u00eb shpejti.<\/p>\n<p><a style=\"text-decoration: none; text-align: center;\" href=\"https:\/\/galla.mk\/sq\/kontakt\/\"><img style=\"margin: auto;\" src=\"https:\/\/galla.mk\/wp-content\/uploads\/2016\/02\/send.png\" alt=\"\" width=\"100\" align=\"middle\" \/><\/a><\/p>\n<p style=\"text-align: center; font-size: 18pt;\"><a style=\"text-decoration: none;\" href=\"https:\/\/galla.mk\/sq\/kontakt\/\">Na shkruani<\/a><\/p>\n<\/div>\n<\/div><\/div><\/div><\/div><\/div><\/div>","protected":false},"excerpt":{"rendered":"<p>Produkte t\u00eb kafes\u00eb Brendi Galla Espreso p\u00ebrfaq\u00ebson p\u00ebrvoj\u00ebn nj\u00ebmb\u00ebdhjet\u00eb vje\u00e7are n\u00eb prodhim e kafes\u00eb s\u00eb p\u00ebrzier nga lloje t\u00eb ndryshme t\u00eb l\u00ebnd\u00ebve t\u00eb para t\u00eb d\u00ebshmuara dhe cil\u00ebsore. Me aplikimin e standardeve t\u00eb larta t\u00eb kontrollit t\u00eb cil\u00ebsis\u00eb dhe teknologjis\u00eb m\u00eb t\u00eb fundit n\u00eb procesin e prodhimit dhe t\u00eb pjekjes dhe me p\u00ebrzierjen e shtat\u00eb &hellip; <a href=\"https:\/\/galla.mk\/sq\/\" class=\"more-link\">Continue reading<span class=\"screen-reader-text\"> &#8220;Fillimi&#8221;<\/span><\/a><\/p>\n","protected":false},"author":1,"featured_media":0,"parent":0,"menu_order":0,"comment_status":"closed","ping_status":"closed","template":"","meta":[],"_links":{"self":[{"href":"https:\/\/galla.mk\/sq\/wp-json\/wp\/v2\/pages\/370"}],"collection":[{"href":"https:\/\/galla.mk\/sq\/wp-json\/wp\/v2\/pages"}],"about":[{"href":"https:\/\/galla.mk\/sq\/wp-json\/wp\/v2\/types\/page"}],"author":[{"embeddable":true,"href":"https:\/\/galla.mk\/sq\/wp-json\/wp\/v2\/users\/1"}],"replies":[{"embeddable":true,"href":"https:\/\/galla.mk\/sq\/wp-json\/wp\/v2\/comments?post=370"}],"version-history":[{"count":16,"href":"https:\/\/galla.mk\/sq\/wp-json\/wp\/v2\/pages\/370\/revisions"}],"predecessor-version":[{"id":570,"href":"https:\/\/galla.mk\/sq\/wp-json\/wp\/v2\/pages\/370\/revisions\/570"}],"wp:attachment":[{"href":"https:\/\/galla.mk\/sq\/wp-json\/wp\/v2\/media?parent=370"}],"curies":[{"name":"wp","href":"https:\/\/api.w.org\/{rel}","templated":true}]}}