{"id":32,"date":"2016-02-11T13:15:37","date_gmt":"2016-02-11T13:15:37","guid":{"rendered":"http:\/\/localhost\/galla\/?page_id=32"},"modified":"2016-04-10T14:09:52","modified_gmt":"2016-04-10T14:09:52","slug":"kompania-galla","status":"publish","type":"page","link":"https:\/\/galla.mk\/sq\/kompania-galla\/","title":{"rendered":"Kompania Galla"},"content":{"rendered":"<div id=\"pl-32\"  class=\"panel-layout\" ><div id=\"pg-32-0\"  class=\"panel-grid panel-has-style\" ><div class=\"siteorigin-panels-stretch panel-row-style panel-row-style-for-32-0\" data-stretch-type=\"full\" ><div id=\"pgc-32-0-0\"  class=\"panel-grid-cell\" ><div id=\"panel-32-0-0-0\" class=\"so-panel widget widget_text panel-first-child panel-last-child\" data-index=\"0\" >\t\t\t<div class=\"textwidget\"><h1 style=\"color: #fff; margin-top:60px;\">RRETH NESH<\/h1><\/div>\n\t\t<\/div><\/div><\/div><\/div><div id=\"pg-32-1\"  class=\"panel-grid panel-no-style\" ><div id=\"pgc-32-1-0\"  class=\"panel-grid-cell\" ><div id=\"panel-32-1-0-0\" class=\"so-panel widget widget_sow-image panel-first-child panel-last-child\" data-index=\"1\" ><div class=\"so-widget-sow-image so-widget-sow-image-default-d6014b76747a\">\n\n<div class=\"sow-image-container\">\n\t<img src=\"https:\/\/galla.mk\/wp-content\/uploads\/2016\/02\/Coffe.jpg\" width=\"1440\" height=\"1440\" srcset=\"https:\/\/galla.mk\/wp-content\/uploads\/2016\/02\/Coffe.jpg 1440w, https:\/\/galla.mk\/wp-content\/uploads\/2016\/02\/Coffe-150x150.jpg 150w, https:\/\/galla.mk\/wp-content\/uploads\/2016\/02\/Coffe-300x300.jpg 300w, https:\/\/galla.mk\/wp-content\/uploads\/2016\/02\/Coffe-768x768.jpg 768w, https:\/\/galla.mk\/wp-content\/uploads\/2016\/02\/Coffe-1024x1024.jpg 1024w, https:\/\/galla.mk\/wp-content\/uploads\/2016\/02\/Coffe-1200x1200.jpg 1200w\" sizes=\"(max-width: 709px) 85vw, (max-width: 909px) 67vw, (max-width: 1362px) 62vw, 840px\" alt=\"\" \t\tclass=\"so-widget-image\"\/>\n<\/div>\n\n<\/div><\/div><\/div><div id=\"pgc-32-1-1\"  class=\"panel-grid-cell\" ><div id=\"panel-32-1-1-0\" class=\"so-panel widget widget_sow-editor panel-first-child panel-last-child\" data-index=\"2\" ><div class=\"so-widget-sow-editor so-widget-sow-editor-base\">\n<div class=\"siteorigin-widget-tinymce textwidget\">\n\t<p>Galla\u00a0\u00ebsht\u00eb investim italiano - vendor i themeluar n\u00eb vitin 2005 n\u00eb Tetov\u00eb dhe vepron si biznes i suksessh\u00ebm n\u00eb tregun vendor\u00eb dhe rajonal.\u00a0Si fabrik\u00eb e pjekjes, paketimit dhe distribuimit t\u00eb kafes\u00eb, me nj\u00eb tradit\u00eb disavje\u00e7are n\u00eb k\u00ebt\u00eb industri Galla Kaffe\u00a0ju ofron kafe Espresso me shije dhe paketime t\u00eb ndryshme.<\/p>\n<p>Cil\u00ebsia e produkteve t\u00eb Galla Kaffe\u00a0bazohet n\u00eb p\u00ebrdorimin e stilit Italian gjat\u00eb pjekjes s\u00eb kafes\u00eb dhe p\u00ebrdorimin e kokrrave t\u00eb kafes\u00eb m\u00eb kualitative n\u00eb bot\u00eb q\u00eb jan\u00eb t\u00eb zgjedhura me kujdes, pjekura, p\u00ebrziera dhe paketuara n\u00eb nj\u00eb ambalazh cil\u00ebsor q\u00eb p\u00ebrmban arom\u00eb, shije dhe freski. Q\u00ebllimi yn\u00eb \u00ebsht\u00eb t\u2019u sigurojm\u00eb inspirim me produktet tona t\u00eb kafes\u00eb dhe besojm\u00eb se nuk ka asgj\u00eb m\u00eb t\u00eb mir\u00eb se nj\u00eb filxhan t\u00eb ngroht\u00eb e Galla Espresso.<\/p>\n<\/div>\n<\/div><\/div><\/div><\/div><div id=\"pg-32-2\"  class=\"panel-grid panel-has-style\" ><div class=\"siteorigin-panels-stretch panel-row-style panel-row-style-for-32-2\" data-stretch-type=\"full\" ><div id=\"pgc-32-2-0\"  class=\"panel-grid-cell\" ><div id=\"panel-32-2-0-0\" class=\"so-panel widget widget_sow-editor panel-first-child panel-last-child\" data-index=\"3\" ><div class=\"panel-widget-style panel-widget-style-for-32-2-0-0\" ><div class=\"so-widget-sow-editor so-widget-sow-editor-base\"><h3 class=\"widget-title\">Vizioni<\/h3>\n<div class=\"siteorigin-widget-tinymce textwidget\">\n\t<p>Galla Kaffe ka si vizion q\u00eb t\u00eb b\u00ebhet brend i njohur n\u00eb vend por edhe n\u00eb Evrop\u00eb nga konsumator\u00eb dhe publiku i gjer\u00eb duke b\u00ebr\u00eb t\u00eb pamundur\u00ebn p\u00ebr t\u00eb ofruar cil\u00ebsi dhe vler\u00eb me q\u00ebllim t\u00eb jet\u00eb pjes\u00eb e \u00e7do tavoline.<\/p>\n<\/div>\n<\/div><\/div><\/div><\/div><div id=\"pgc-32-2-1\"  class=\"panel-grid-cell\" ><div id=\"panel-32-2-1-0\" class=\"so-panel widget widget_sow-editor panel-first-child panel-last-child\" data-index=\"4\" ><div class=\"panel-widget-style panel-widget-style-for-32-2-1-0\" ><div class=\"so-widget-sow-editor so-widget-sow-editor-base\"><h3 class=\"widget-title\">Misioni<\/h3>\n<div class=\"siteorigin-widget-tinymce textwidget\">\n\t<p>Misioni yn\u00eb \u00ebsht\u00eb fokusimi n\u00eb plot\u00ebsimin e nevojave, shijeve dhe d\u00ebshirave t\u00eb konsumator\u00ebve, duke u thirrur n\u00eb kualitet, eksperienc\u00ebn e resurseve njer\u00ebzore, aplikimin e teknologjis\u00eb bashk\u00ebkohore dhe inovacionin e vazhduesh\u00ebm n\u00eb asortimanin e produkteve tona.<\/p>\n<\/div>\n<\/div><\/div><\/div><\/div><\/div><\/div><\/div>","protected":false},"excerpt":{"rendered":"<p>RRETH NESH Galla\u00a0\u00ebsht\u00eb investim italiano &#8211; vendor i themeluar n\u00eb vitin 2005 n\u00eb Tetov\u00eb dhe vepron si biznes i suksessh\u00ebm n\u00eb tregun vendor\u00eb dhe rajonal.\u00a0Si fabrik\u00eb e pjekjes, paketimit dhe distribuimit t\u00eb kafes\u00eb, me nj\u00eb tradit\u00eb disavje\u00e7are n\u00eb k\u00ebt\u00eb industri Galla Kaffe\u00a0ju ofron kafe Espresso me shije dhe paketime t\u00eb ndryshme.Cil\u00ebsia e produkteve t\u00eb Galla &hellip; <a href=\"https:\/\/galla.mk\/sq\/kompania-galla\/\" class=\"more-link\">Continue reading<span class=\"screen-reader-text\"> &#8220;Kompania Galla&#8221;<\/span><\/a><\/p>\n","protected":false},"author":1,"featured_media":0,"parent":0,"menu_order":0,"comment_status":"closed","ping_status":"closed","template":"","meta":[],"_links":{"self":[{"href":"https:\/\/galla.mk\/sq\/wp-json\/wp\/v2\/pages\/32"}],"collection":[{"href":"https:\/\/galla.mk\/sq\/wp-json\/wp\/v2\/pages"}],"about":[{"href":"https:\/\/galla.mk\/sq\/wp-json\/wp\/v2\/types\/page"}],"author":[{"embeddable":true,"href":"https:\/\/galla.mk\/sq\/wp-json\/wp\/v2\/users\/1"}],"replies":[{"embeddable":true,"href":"https:\/\/galla.mk\/sq\/wp-json\/wp\/v2\/comments?post=32"}],"version-history":[{"count":27,"href":"https:\/\/galla.mk\/sq\/wp-json\/wp\/v2\/pages\/32\/revisions"}],"predecessor-version":[{"id":537,"href":"https:\/\/galla.mk\/sq\/wp-json\/wp\/v2\/pages\/32\/revisions\/537"}],"wp:attachment":[{"href":"https:\/\/galla.mk\/sq\/wp-json\/wp\/v2\/media?parent=32"}],"curies":[{"name":"wp","href":"https:\/\/api.w.org\/{rel}","templated":true}]}}