{"id":244,"date":"2016-02-21T19:34:24","date_gmt":"2016-02-21T19:34:24","guid":{"rendered":"http:\/\/localhost\/galla\/?page_id=244"},"modified":"2018-07-30T11:21:54","modified_gmt":"2018-07-30T11:21:54","slug":"black-premium","status":"publish","type":"page","link":"https:\/\/galla.mk\/sq\/black-premium\/","title":{"rendered":"Black Premium"},"content":{"rendered":"<div id=\"pl-244\"  class=\"panel-layout\" ><div id=\"pg-244-0\"  class=\"panel-grid panel-has-style\" ><div class=\"siteorigin-panels-stretch panel-row-style panel-row-style-for-244-0\" data-stretch-type=\"full\" ><div id=\"pgc-244-0-0\"  class=\"panel-grid-cell\" ><div id=\"panel-244-0-0-0\" class=\"so-panel widget widget_text panel-first-child panel-last-child\" data-index=\"0\" >\t\t\t<div class=\"textwidget\"><h1 style=\"color: #fff; margin-top: 100px;\">BLACK PREMIUM<\/h1><\/div>\n\t\t<\/div><\/div><\/div><\/div><div id=\"pg-244-1\"  class=\"panel-grid panel-has-style\" ><div class=\"siteorigin-panels-stretch panel-row-style panel-row-style-for-244-1\" data-stretch-type=\"full\" ><div id=\"pgc-244-1-0\"  class=\"panel-grid-cell\" ><div id=\"panel-244-1-0-0\" class=\"so-panel widget widget_sow-image panel-first-child panel-last-child\" data-index=\"1\" ><div class=\"so-widget-sow-image so-widget-sow-image-default-17bc2272b535\">\n\n<div class=\"sow-image-container\">\n\t<img src=\"https:\/\/galla.mk\/wp-content\/uploads\/2016\/02\/Black-Premium-e1456342460627-653x1024.png\" width=\"653\" height=\"1024\" srcset=\"https:\/\/galla.mk\/wp-content\/uploads\/2016\/02\/Black-Premium-e1456342460627-653x1024.png 653w, https:\/\/galla.mk\/wp-content\/uploads\/2016\/02\/Black-Premium-e1456342460627-191x300.png 191w, https:\/\/galla.mk\/wp-content\/uploads\/2016\/02\/Black-Premium-e1456342460627-768x1203.png 768w, https:\/\/galla.mk\/wp-content\/uploads\/2016\/02\/Black-Premium-e1456342460627-1200x1880.png 1200w\" sizes=\"(max-width: 653px) 85vw, 653px\" title=\"Black-Premium\" alt=\"\" \t\tclass=\"so-widget-image\"\/>\n<\/div>\n\n<\/div><\/div><\/div><div id=\"pgc-244-1-1\"  class=\"panel-grid-cell\" ><div id=\"panel-244-1-1-0\" class=\"so-panel widget widget_sow-editor panel-first-child panel-last-child\" data-index=\"2\" ><div class=\"panel-widget-style panel-widget-style-for-244-1-1-0\" ><div class=\"so-widget-sow-editor so-widget-sow-editor-base\">\n<div class=\"siteorigin-widget-tinymce textwidget\">\n\t<p class=\"western\" lang=\"sq-AL\" style=\"font-family: 'Oswald'; color: #3e3d3d; margin-top: 20px;\"><strong>P\u00ebrzierja e jasht\u00ebzakonshme p\u00ebrb\u00ebhet nga kokrrat me kujdes t\u00eb zgjedhura t\u00eb cil\u00ebsis\u00eb s\u00eb lart\u00eb 100% Arabika nga rrafshnaltat e Brazilit dhe t\u00eb Afrik\u00ebs.<\/strong><\/p>\n<p class=\"western\" lang=\"sq-AL\" style=\"font-family: 'Oswald'; font-weight: 100;\">Ky kombinim i prejardhjes se kokrrave garanton p\u00ebrvoj\u00eb unike, shije, arom\u00eb t\u00eb fort dhe plot\u00ebson dhe balancon e aciditetin.<\/p>\n<p class=\"western\" lang=\"sq-AL\" style=\"font-family: 'Oswald'; font-weight: 100;\">\n<p class=\"western\" lang=\"sq-AL\" style=\"font-family: 'Oswald'; font-weight: 100;\">\n<p><img loading=\"lazy\" class=\"size-full wp-image-131 aligncenter\" src=\"http:\/\/galla.mk\/wp-content\/uploads\/2016\/02\/200Premium.png\" alt=\"200Premium\" width=\"201\" height=\"200\" srcset=\"https:\/\/galla.mk\/wp-content\/uploads\/2016\/02\/200Premium.png 201w, https:\/\/galla.mk\/wp-content\/uploads\/2016\/02\/200Premium-150x150.png 150w\" sizes=\"(max-width: 201px) 85vw, 201px\" \/><\/p>\n<\/div>\n<\/div><\/div><\/div><\/div><\/div><\/div><div id=\"pg-244-2\"  class=\"panel-grid panel-has-style\" ><div class=\"siteorigin-panels-stretch panel-row-style panel-row-style-for-244-2\" data-stretch-type=\"full\" ><div id=\"pgc-244-2-0\"  class=\"panel-grid-cell\" ><div id=\"panel-244-2-0-0\" class=\"so-panel widget widget_sow-editor panel-first-child panel-last-child\" data-index=\"3\" ><div class=\"panel-widget-style panel-widget-style-for-244-2-0-0\" ><div class=\"so-widget-sow-editor so-widget-sow-editor-base\">\n<div class=\"siteorigin-widget-tinymce textwidget\">\n\t<div style=\"font-size: 14pt; font-family: 'Oswald'; font-weight: 100;\">\n<p>N\u00eb rrjetin ton\u00eb shp\u00ebrndar\u00ebs nga viti 2016 ofrohet kafeja e re espreso \u201cBlack Premium\u201d. Si\u00e7 mund t\u00eb n\u00ebnkuptohet edhe nga fjala Premium, kjo lloj espresoje \u00ebsht\u00eb e p\u00ebrb\u00ebr\u00eb nga lloji m\u00eb i mir\u00eb i kokrrave t\u00eb kafes\u00eb, t\u00eb provuara paraprakisht, me cil\u00ebsi t\u00eb lart\u00eb duke i balancuar n\u00eb pjes\u00eb ideale p\u00ebr t\u00eb arritur rezultatin e pritur.<\/p>\n<p>Cil\u00ebsia e jasht\u00ebzakonshme, aroma e k\u00ebndshme dhe q\u00ebndrueshm\u00ebri e kajmakut t\u00eb produktit final, p\u00ebrzierja Premium e s\u00eb cil\u00ebs synon tregun ekskluziv t\u00eb objekteve t\u00eb hotelerive dhe kafeterive.<br \/>\nBesojm\u00eb se n\u00eb nj\u00eb koh\u00eb shum\u00eb t\u00eb shkurt\u00ebr objektet e hotelerive dhe kafeterive n\u00eb Maqedoni dhe m\u00eb gjer\u00eb do ta dallojn\u00eb k\u00ebt\u00eb produkt dhe me ofert\u00ebn cil\u00ebsore do t\u00eb dallohet nga konkurrenca.<\/p>\n<p>Pasi ta provoni nj\u00ebher\u00eb k\u00ebt\u00eb kafe besojm\u00eb se do t\u00eb b\u00ebheni adhurues i saj p\u00ebrgjithmon\u00eb.\n<\/p><\/div>\n<\/div>\n<\/div><\/div><\/div><\/div><\/div><\/div><div id=\"pg-244-3\"  class=\"panel-grid panel-has-style\" ><div class=\"siteorigin-panels-stretch panel-row-style panel-row-style-for-244-3\" data-stretch-type=\"full\" ><div id=\"pgc-244-3-0\"  class=\"panel-grid-cell panel-grid-cell-empty\" ><\/div><div id=\"pgc-244-3-1\"  class=\"panel-grid-cell\" ><div id=\"panel-244-3-1-0\" class=\"so-panel widget widget_sow-image panel-first-child panel-last-child\" data-index=\"4\" ><div class=\"panel-widget-style panel-widget-style-for-244-3-1-0\" ><div class=\"so-widget-sow-image so-widget-sow-image-default-17bc2272b535\">\n\n<div class=\"sow-image-container\">\n\t<img src=\"https:\/\/galla.mk\/wp-content\/uploads\/2016\/02\/200Black.png\" width=\"201\" height=\"131\" sizes=\"(max-width: 201px) 85vw, 201px\" alt=\"\" \t\tclass=\"so-widget-image\"\/>\n<\/div>\n\n<\/div><\/div><\/div><\/div><\/div><\/div><\/div>","protected":false},"excerpt":{"rendered":"<p>BLACK PREMIUM P\u00ebrzierja e jasht\u00ebzakonshme p\u00ebrb\u00ebhet nga kokrrat me kujdes t\u00eb zgjedhura t\u00eb cil\u00ebsis\u00eb s\u00eb lart\u00eb 100% Arabika nga rrafshnaltat e Brazilit dhe t\u00eb Afrik\u00ebs. Ky kombinim i prejardhjes se kokrrave garanton p\u00ebrvoj\u00eb unike, shije, arom\u00eb t\u00eb fort dhe plot\u00ebson dhe balancon e aciditetin.<\/p>\n","protected":false},"author":1,"featured_media":0,"parent":0,"menu_order":0,"comment_status":"closed","ping_status":"closed","template":"","meta":[],"_links":{"self":[{"href":"https:\/\/galla.mk\/sq\/wp-json\/wp\/v2\/pages\/244"}],"collection":[{"href":"https:\/\/galla.mk\/sq\/wp-json\/wp\/v2\/pages"}],"about":[{"href":"https:\/\/galla.mk\/sq\/wp-json\/wp\/v2\/types\/page"}],"author":[{"embeddable":true,"href":"https:\/\/galla.mk\/sq\/wp-json\/wp\/v2\/users\/1"}],"replies":[{"embeddable":true,"href":"https:\/\/galla.mk\/sq\/wp-json\/wp\/v2\/comments?post=244"}],"version-history":[{"count":24,"href":"https:\/\/galla.mk\/sq\/wp-json\/wp\/v2\/pages\/244\/revisions"}],"predecessor-version":[{"id":566,"href":"https:\/\/galla.mk\/sq\/wp-json\/wp\/v2\/pages\/244\/revisions\/566"}],"wp:attachment":[{"href":"https:\/\/galla.mk\/sq\/wp-json\/wp\/v2\/media?parent=244"}],"curies":[{"name":"wp","href":"https:\/\/api.w.org\/{rel}","templated":true}]}}