{"id":198,"date":"2016-02-21T17:53:12","date_gmt":"2016-02-21T17:53:12","guid":{"rendered":"http:\/\/localhost\/galla\/?page_id=198"},"modified":"2016-04-10T13:30:30","modified_gmt":"2016-04-10T13:30:30","slug":"espresso-galla","status":"publish","type":"page","link":"https:\/\/galla.mk\/sq\/espresso-galla\/","title":{"rendered":"Espresso Galla"},"content":{"rendered":"<div id=\"pl-198\"  class=\"panel-layout\" ><div id=\"pg-198-0\"  class=\"panel-grid panel-has-style\" ><div class=\"siteorigin-panels-stretch panel-row-style panel-row-style-for-198-0\" data-stretch-type=\"full\" ><div id=\"pgc-198-0-0\"  class=\"panel-grid-cell\" ><div id=\"panel-198-0-0-0\" class=\"so-panel widget widget_text panel-first-child panel-last-child\" data-index=\"0\" >\t\t\t<div class=\"textwidget\"><h1 style=\"color: #fff; margin-top: 100px;\">ESPRESSO GALLA<\/h1><\/div>\n\t\t<\/div><\/div><\/div><\/div><div id=\"pg-198-1\"  class=\"panel-grid panel-no-style\" ><div id=\"pgc-198-1-0\"  class=\"panel-grid-cell\" ><div id=\"panel-198-1-0-0\" class=\"so-panel widget widget_sow-editor panel-first-child panel-last-child\" data-index=\"1\" ><div class=\"so-widget-sow-editor so-widget-sow-editor-base\">\n<div class=\"siteorigin-widget-tinymce textwidget\">\n\t<p style=\"text-align: center;\">Espresso \u00ebsht\u00eb p\u00ebrzierje e mrekullueshme e dy llojeve t\u00eb kafes\u00eb arabika dhe robusta me kualitet t\u00eb kontrolluar, duke e p\u00ebrdorur stilin italian gjat\u00eb pjekjes s\u00eb kafes\u00eb, me ekspertiz\u00ebn dhe teknik\u00ebn ton\u00eb n\u00eb industrin\u00eb e kafes\u00eb. Nga kjo nuk mund t\u00eb pritet di\u00e7 tjet\u00ebr p\u00ebrpos nj\u00eb espreso e \u00ebmb\u00ebl, aromatike dhe mjaft e shijshme.<\/p>\n<\/div>\n<\/div><\/div><\/div><\/div><div id=\"pg-198-2\"  class=\"panel-grid panel-has-style\" ><div class=\"panel-row-style panel-row-style-for-198-2\" ><div id=\"pgc-198-2-0\"  class=\"panel-grid-cell\" ><div id=\"panel-198-2-0-0\" class=\"so-panel widget widget_sow-image panel-first-child panel-last-child\" data-index=\"2\" ><div class=\"so-widget-sow-image so-widget-sow-image-default-17bc2272b535\">\n\n<div class=\"sow-image-container\">\n\t<img src=\"https:\/\/galla.mk\/wp-content\/uploads\/2016\/02\/classici-758x1024.jpg\" width=\"758\" height=\"1024\" srcset=\"https:\/\/galla.mk\/wp-content\/uploads\/2016\/02\/classici-758x1024.jpg 758w, https:\/\/galla.mk\/wp-content\/uploads\/2016\/02\/classici-222x300.jpg 222w, https:\/\/galla.mk\/wp-content\/uploads\/2016\/02\/classici-768x1038.jpg 768w, https:\/\/galla.mk\/wp-content\/uploads\/2016\/02\/classici-1200x1621.jpg 1200w\" sizes=\"(max-width: 758px) 85vw, 758px\" title=\"CLASSIC\" alt=\"\" \t\tclass=\"so-widget-image\"\/>\n<\/div>\n\n<\/div><\/div><\/div><div id=\"pgc-198-2-1\"  class=\"panel-grid-cell\" ><div id=\"panel-198-2-1-0\" class=\"so-panel widget widget_sow-editor panel-first-child panel-last-child\" data-index=\"3\" ><div class=\"panel-widget-style panel-widget-style-for-198-2-1-0\" ><div class=\"so-widget-sow-editor so-widget-sow-editor-base\">\n<div class=\"siteorigin-widget-tinymce textwidget\">\n\t<h3>Klasik<\/h3>\n<p class=\"western\" lang=\"sq-AL\" style=\"font-family: 'Oswald';color: #706C6B;\">Kjo p\u00ebrzierje unike e fituar nga kombinimi i kokrrave t\u00eb Arabik\u00ebs  t\u00eb cil\u00ebsis\u00eb s\u00eb lart\u00eb dhe kokrrave t\u00eb  zgjedhura t\u00eb Rabust\u00ebs nga rrafshnaltat e Amerik\u00ebs s\u00eb Jugut.<\/p>\n<p class=\"western\" lang=\"sq-AL\" style=\"font-family: 'Oswald'; font-weight: 100;color: #0072A8;\">Pjekja  m\u00eb e gjat\u00eb (kokrra m\u00eb e nxir\u00eb) rezulton n\u00eb kajmak-shkum\u00eb t\u00eb  ngurt\u00eb dhe nj\u00eb p\u00ebrvoj\u00eb intensive e espressos.<\/p>\n<\/div>\n<\/div><\/div><\/div><\/div><\/div><\/div><div id=\"pg-198-3\"  class=\"panel-grid panel-has-style\" ><div class=\"panel-row-style panel-row-style-for-198-3\" ><div id=\"pgc-198-3-0\"  class=\"panel-grid-cell\" ><div id=\"panel-198-3-0-0\" class=\"so-panel widget widget_sow-image panel-first-child panel-last-child\" data-index=\"4\" ><div class=\"so-widget-sow-image so-widget-sow-image-default-17bc2272b535\">\n\n<div class=\"sow-image-container\">\n\t<img src=\"https:\/\/galla.mk\/wp-content\/uploads\/2016\/02\/aromai-758x1024.jpg\" width=\"758\" height=\"1024\" srcset=\"https:\/\/galla.mk\/wp-content\/uploads\/2016\/02\/aromai-758x1024.jpg 758w, https:\/\/galla.mk\/wp-content\/uploads\/2016\/02\/aromai-222x300.jpg 222w, https:\/\/galla.mk\/wp-content\/uploads\/2016\/02\/aromai-768x1038.jpg 768w, https:\/\/galla.mk\/wp-content\/uploads\/2016\/02\/aromai-1200x1621.jpg 1200w\" sizes=\"(max-width: 758px) 85vw, 758px\" title=\"AROMA\" alt=\"\" \t\tclass=\"so-widget-image\"\/>\n<\/div>\n\n<\/div><\/div><\/div><div id=\"pgc-198-3-1\"  class=\"panel-grid-cell\" ><div id=\"panel-198-3-1-0\" class=\"so-panel widget widget_sow-editor panel-first-child panel-last-child\" data-index=\"5\" ><div class=\"panel-widget-style panel-widget-style-for-198-3-1-0\" ><div class=\"so-widget-sow-editor so-widget-sow-editor-base\">\n<div class=\"siteorigin-widget-tinymce textwidget\">\n\t<h3>Aroma<\/h3>\n<p class=\"western\" lang=\"sq-AL\" style=\"font-family: 'Oswald';color: #706C6B;\">P\u00ebrzgjedhja cil\u00ebsore e Arabik\u00ebs dhe kokrrave t\u00eb Rabust\u00ebs Afrikane me pjekje mesatare (kokrra mesatarisht e nxir\u00eb)  dhe shije unike.<\/p>\n<p class=\"western\" lang=\"sq-AL\" style=\"font-family: 'Oswald'; font-weight: 100;color: #D78209;\">Kjo p\u00ebrzierje inkurajon \u00e7do shije t\u00eb adhuruesve t\u00eb kafes\u00eb me arom\u00eb t\u00eb definuar dhe kajmak t\u00eb l\u00ebmuar.<\/p>\n<\/div>\n<\/div><\/div><\/div><\/div><\/div><\/div><div id=\"pg-198-4\"  class=\"panel-grid panel-no-style\" ><div id=\"pgc-198-4-0\"  class=\"panel-grid-cell\" ><div id=\"panel-198-4-0-0\" class=\"so-panel widget widget_sow-image panel-first-child panel-last-child\" data-index=\"6\" ><div class=\"so-widget-sow-image so-widget-sow-image-default-17bc2272b535\">\n\n<div class=\"sow-image-container\">\n\t<img src=\"https:\/\/galla.mk\/wp-content\/uploads\/2016\/02\/creami-758x1024.jpg\" width=\"758\" height=\"1024\" srcset=\"https:\/\/galla.mk\/wp-content\/uploads\/2016\/02\/creami-758x1024.jpg 758w, https:\/\/galla.mk\/wp-content\/uploads\/2016\/02\/creami-222x300.jpg 222w, https:\/\/galla.mk\/wp-content\/uploads\/2016\/02\/creami-768x1038.jpg 768w, https:\/\/galla.mk\/wp-content\/uploads\/2016\/02\/creami-1200x1621.jpg 1200w\" sizes=\"(max-width: 758px) 85vw, 758px\" title=\"CREAM\" alt=\"\" \t\tclass=\"so-widget-image\"\/>\n<\/div>\n\n<\/div><\/div><\/div><div id=\"pgc-198-4-1\"  class=\"panel-grid-cell\" ><div id=\"panel-198-4-1-0\" class=\"so-panel widget widget_sow-editor panel-first-child panel-last-child\" data-index=\"7\" ><div class=\"panel-widget-style panel-widget-style-for-198-4-1-0\" ><div class=\"so-widget-sow-editor so-widget-sow-editor-base\">\n<div class=\"siteorigin-widget-tinymce textwidget\">\n\t<h3>Cream<\/h3>\n<p class=\"western\" lang=\"sq-AL\" style=\"font-family: 'Oswald';color: #706C6B;\">P\u00ebrzierje mir\u00eb e definuar e p\u00ebrb\u00ebr\u00eb nga Arabika m\u00eb cil\u00ebsore dhe nga kokrrat e Rabust\u00ebs aziatike p\u00ebr njoh\u00ebsit e kafes t\u00eb caktuar - k\u00ebrkuar.<\/p>\n<p class=\"western\" lang=\"sq-AL\" style=\"font-family: 'Oswald'; font-weight: 100;color: #83A215;\">Kontroll i kujdessh\u00ebm i kualitetit t\u00eb kafes\u00eb s\u00eb gjelb\u00ebr , e cila \u00ebsht\u00eb e pjekur mesatarisht, rezulton me balans t\u00eb p\u00ebrkryer dhe p\u00ebrzierje t\u00eb pasur.<\/p>\n<\/div>\n<\/div><\/div><\/div><\/div><\/div><div id=\"pg-198-5\"  class=\"panel-grid panel-has-style\" ><div class=\"siteorigin-panels-stretch panel-row-style panel-row-style-for-198-5\" data-stretch-type=\"full\" ><div id=\"pgc-198-5-0\"  class=\"panel-grid-cell panel-grid-cell-empty\" ><\/div><div id=\"pgc-198-5-1\"  class=\"panel-grid-cell\" ><div id=\"panel-198-5-1-0\" class=\"so-panel widget widget_sow-editor panel-first-child panel-last-child\" data-index=\"8\" ><div class=\"panel-widget-style panel-widget-style-for-198-5-1-0\" ><div class=\"so-widget-sow-editor so-widget-sow-editor-base\">\n<div class=\"siteorigin-widget-tinymce textwidget\">\n\t<p style=\"text-align: center;\"><span style=\"padding: 0; font-size: 2.4em; color: #fff;\">Niseni dit\u00ebn me <img src=\"http:\/\/galla.mk\/wp-content\/themes\/twentysixteen\/front.png\"\/> Espresso<\/span><\/p>\n<\/div>\n<\/div><\/div><\/div><\/div><\/div><\/div><\/div>","protected":false},"excerpt":{"rendered":"<p>ESPRESSO GALLA Espresso \u00ebsht\u00eb p\u00ebrzierje e mrekullueshme e dy llojeve t\u00eb kafes\u00eb arabika dhe robusta me kualitet t\u00eb kontrolluar, duke e p\u00ebrdorur stilin italian gjat\u00eb pjekjes s\u00eb kafes\u00eb, me ekspertiz\u00ebn dhe teknik\u00ebn ton\u00eb n\u00eb industrin\u00eb e kafes\u00eb. Nga kjo nuk mund t\u00eb pritet di\u00e7 tjet\u00ebr p\u00ebrpos nj\u00eb espreso e \u00ebmb\u00ebl, aromatike dhe mjaft e shijshme.<\/p>\n","protected":false},"author":1,"featured_media":0,"parent":0,"menu_order":0,"comment_status":"closed","ping_status":"closed","template":"","meta":[],"_links":{"self":[{"href":"https:\/\/galla.mk\/sq\/wp-json\/wp\/v2\/pages\/198"}],"collection":[{"href":"https:\/\/galla.mk\/sq\/wp-json\/wp\/v2\/pages"}],"about":[{"href":"https:\/\/galla.mk\/sq\/wp-json\/wp\/v2\/types\/page"}],"author":[{"embeddable":true,"href":"https:\/\/galla.mk\/sq\/wp-json\/wp\/v2\/users\/1"}],"replies":[{"embeddable":true,"href":"https:\/\/galla.mk\/sq\/wp-json\/wp\/v2\/comments?post=198"}],"version-history":[{"count":25,"href":"https:\/\/galla.mk\/sq\/wp-json\/wp\/v2\/pages\/198\/revisions"}],"predecessor-version":[{"id":472,"href":"https:\/\/galla.mk\/sq\/wp-json\/wp\/v2\/pages\/198\/revisions\/472"}],"wp:attachment":[{"href":"https:\/\/galla.mk\/sq\/wp-json\/wp\/v2\/media?parent=198"}],"curies":[{"name":"wp","href":"https:\/\/api.w.org\/{rel}","templated":true}]}}