{"id":172,"date":"2016-02-21T17:15:50","date_gmt":"2016-02-21T17:15:50","guid":{"rendered":"http:\/\/localhost\/galla\/?page_id=172"},"modified":"2016-03-07T19:57:05","modified_gmt":"2016-03-07T19:57:05","slug":"pajisje-aparate","status":"publish","type":"page","link":"https:\/\/galla.mk\/sq\/pajisje-aparate\/","title":{"rendered":"Pajisje &#038; Aparate"},"content":{"rendered":"<div id=\"pl-172\"  class=\"panel-layout\" ><div id=\"pg-172-0\"  class=\"panel-grid panel-has-style\" ><div class=\"siteorigin-panels-stretch panel-row-style panel-row-style-for-172-0\" data-stretch-type=\"full\" ><div id=\"pgc-172-0-0\"  class=\"panel-grid-cell\" ><div id=\"panel-172-0-0-0\" class=\"so-panel widget widget_text panel-first-child panel-last-child\" data-index=\"0\" >\t\t\t<div class=\"textwidget\"><h1 style=\"color: #fff; margin-top: 100px; text-transform: uppercase\">Mir\u00ebmbajtja e pajisjeve dhe aparatit<\/h1><\/div>\n\t\t<\/div><\/div><\/div><\/div><div id=\"pg-172-1\"  class=\"panel-grid panel-has-style\" ><div class=\"panel-row-style panel-row-style-for-172-1\" ><div id=\"pgc-172-1-0\"  class=\"panel-grid-cell\" ><div id=\"panel-172-1-0-0\" class=\"so-panel widget widget_sow-editor panel-first-child panel-last-child\" data-index=\"1\" ><div class=\"so-widget-sow-editor so-widget-sow-editor-base\">\n<div class=\"siteorigin-widget-tinymce textwidget\">\n\t<p class=\"western\" lang=\"sq-AL\" align=\"justify\"><span style=\"font-size: medium;\">P\u00ebr t\u00eb fituar nj\u00eb pije \u2013kafe t\u00eb cil\u00ebsis\u00eb s\u00eb lart\u00eb n\u00eb ve\u00e7anti \u00ebsht\u00eb e r\u00ebnd\u00ebsishme rregullimi fillestar i pajisjeve (mulliri - rregullimi i p\u00ebrkryer i bluarjes; aparati i espresos- shtypja, temperatura dhe qarkullimi i ujit) dhe mir\u00ebmbajtja e vazhdueshme e aparatit nga ana e p\u00ebrdoruesit sipas rregullave t\u00eb p\u00ebrdorimit. P\u00ebrdoruesve t\u00eb kafes\u00eb son\u00eb - aparatit t\u00eb espresos ju ofrojm\u00eb mir\u00ebmbajtje dhe servisim. N\u00eb p\u00ebrpjekje p\u00ebr t'iu p\u00ebrgjigjur n\u00eb koh\u00ebn e duhur p\u00ebr t\u00eb gjitha situatat emergjente n\u00eb dispozicion \u00ebsht\u00eb ekipi i yn\u00eb i personave p\u00ebr servisim por kuptohet edhe z\u00ebvend\u00ebsimi i aparatit n\u00ebse \u00ebsht\u00eb e nevojshme. <\/span><\/p>\n<p class=\"western\" lang=\"sq-AL\" align=\"justify\"><span style=\"font-size: medium;\">Koordinimi i tre elementeve themelore: kualiteti i l\u00ebnd\u00ebs s\u00eb par\u00eb- kafes, teknologjia-aparati si dhe uji si nj\u00eb nd\u00ebr faktor\u00ebt vital n\u00eb procesin e formimit t\u00eb produktit p\u00ebrfundimtar - espresos , rezultojn\u00eb n\u00eb jet\u00ebgjat\u00ebsi t\u00eb aparatit t\u00eb kafes\u00eb, defekte t\u00eb rralla, pije e cil\u00ebsore (kafe), me to edhe k\u00ebnaq\u00ebsi t\u00eb gjith\u00eb p\u00ebrdoruesve.<\/span><\/p>\n<p class=\"western\" lang=\"sq-AL\" align=\"justify\"><span style=\"font-size: medium;\">P\u00ebr k\u00ebt\u00eb arsye, me produktet e ofruara Galla Caffe ofrohet edhe zbut\u00ebsi i ujit i cili p\u00ebrdoret p\u00ebr p\u00ebrmir\u00ebsimin e cil\u00ebsis\u00eb s\u00eb ujit.<\/span><\/p>\n<\/div>\n<\/div><\/div><\/div><div id=\"pgc-172-1-1\"  class=\"panel-grid-cell\" ><div id=\"panel-172-1-1-0\" class=\"so-panel widget widget_sow-image panel-first-child panel-last-child\" data-index=\"2\" ><div class=\"so-widget-sow-image so-widget-sow-image-default-17bc2272b535\">\n\n<div class=\"sow-image-container\">\n\t<img src=\"https:\/\/galla.mk\/wp-content\/uploads\/2016\/02\/pajisje.jpg\" width=\"1812\" height=\"2647\" srcset=\"https:\/\/galla.mk\/wp-content\/uploads\/2016\/02\/pajisje.jpg 1812w, https:\/\/galla.mk\/wp-content\/uploads\/2016\/02\/pajisje-205x300.jpg 205w, https:\/\/galla.mk\/wp-content\/uploads\/2016\/02\/pajisje-768x1122.jpg 768w, https:\/\/galla.mk\/wp-content\/uploads\/2016\/02\/pajisje-701x1024.jpg 701w, https:\/\/galla.mk\/wp-content\/uploads\/2016\/02\/pajisje-1200x1753.jpg 1200w\" sizes=\"(max-width: 709px) 85vw, (max-width: 909px) 67vw, (max-width: 1362px) 62vw, 840px\" alt=\"\" \t\tclass=\"so-widget-image\"\/>\n<\/div>\n\n<\/div><\/div><\/div><\/div><\/div><\/div>","protected":false},"excerpt":{"rendered":"<p>Mir\u00ebmbajtja e pajisjeve dhe aparatit P\u00ebr t\u00eb fituar nj\u00eb pije \u2013kafe t\u00eb cil\u00ebsis\u00eb s\u00eb lart\u00eb n\u00eb ve\u00e7anti \u00ebsht\u00eb e r\u00ebnd\u00ebsishme rregullimi fillestar i pajisjeve (mulliri &#8211; rregullimi i p\u00ebrkryer i bluarjes; aparati i espresos- shtypja, temperatura dhe qarkullimi i ujit) dhe mir\u00ebmbajtja e vazhdueshme e aparatit nga ana e p\u00ebrdoruesit sipas rregullave t\u00eb p\u00ebrdorimit. P\u00ebrdoruesve &hellip; <a href=\"https:\/\/galla.mk\/sq\/pajisje-aparate\/\" class=\"more-link\">Continue reading<span class=\"screen-reader-text\"> &#8220;Pajisje &#038; Aparate&#8221;<\/span><\/a><\/p>\n","protected":false},"author":1,"featured_media":0,"parent":0,"menu_order":0,"comment_status":"closed","ping_status":"closed","template":"","meta":[],"_links":{"self":[{"href":"https:\/\/galla.mk\/sq\/wp-json\/wp\/v2\/pages\/172"}],"collection":[{"href":"https:\/\/galla.mk\/sq\/wp-json\/wp\/v2\/pages"}],"about":[{"href":"https:\/\/galla.mk\/sq\/wp-json\/wp\/v2\/types\/page"}],"author":[{"embeddable":true,"href":"https:\/\/galla.mk\/sq\/wp-json\/wp\/v2\/users\/1"}],"replies":[{"embeddable":true,"href":"https:\/\/galla.mk\/sq\/wp-json\/wp\/v2\/comments?post=172"}],"version-history":[{"count":10,"href":"https:\/\/galla.mk\/sq\/wp-json\/wp\/v2\/pages\/172\/revisions"}],"predecessor-version":[{"id":488,"href":"https:\/\/galla.mk\/sq\/wp-json\/wp\/v2\/pages\/172\/revisions\/488"}],"wp:attachment":[{"href":"https:\/\/galla.mk\/sq\/wp-json\/wp\/v2\/media?parent=172"}],"curies":[{"name":"wp","href":"https:\/\/api.w.org\/{rel}","templated":true}]}}