{"id":139,"date":"2016-02-21T15:57:35","date_gmt":"2016-02-21T15:57:35","guid":{"rendered":"http:\/\/localhost\/galla\/?page_id=139"},"modified":"2016-02-21T17:01:38","modified_gmt":"2016-02-21T17:01:38","slug":"proverba","status":"publish","type":"page","link":"https:\/\/galla.mk\/sq\/proverba\/","title":{"rendered":"Proverba"},"content":{"rendered":"<div id=\"pl-139\"  class=\"panel-layout\" ><div id=\"pg-139-0\"  class=\"panel-grid panel-has-style\" ><div class=\"siteorigin-panels-stretch panel-row-style panel-row-style-for-139-0\" data-stretch-type=\"full\" ><div id=\"pgc-139-0-0\"  class=\"panel-grid-cell\" ><div id=\"panel-139-0-0-0\" class=\"so-panel widget widget_sow-editor panel-first-child panel-last-child\" data-index=\"0\" ><div class=\"so-widget-sow-editor so-widget-sow-editor-base\">\n<div class=\"siteorigin-widget-tinymce textwidget\">\n\t<h1 style=\"color: #fff;\">PROVERBA P\u00cbR KAFEN\u00cb<\/h1>\n<blockquote>\n<p class=\"western\" lang=\"sq-AL\" align=\"left\"><em>Kafeja duhet t\u00eb jet\u00eb e err\u00ebt si nata, e nxeht\u00eb si ferri dhe e \u00ebmb\u00ebl si gruaja- <\/em>proverb braziliane<em>.<\/em><\/p>\n<\/blockquote>\n<blockquote>\n<p class=\"western\" lang=\"sq-AL\" align=\"left\"><em>Kafeja duhet t\u00eb jet\u00eb e err\u00ebt si ferri, e fort si vdekja dhe e \u00ebmb\u00ebl si dashuria - <\/em>proverb turke.<\/p>\n<\/blockquote>\n<blockquote>\n<p class=\"western\" lang=\"sq-AL\" align=\"left\"><em>Kafeja \u00ebsht\u00eb e zez\u00eb , por t\u00eb zbardh faqen\u00a0<\/em>- proverb nga jugu i Shqip\u00ebris\u00eb<\/p>\n<\/blockquote>\n<blockquote>\n<p class=\"western\" lang=\"sq-AL\" align=\"left\"><em>Komunikimi i mir\u00eb \u00ebsht\u00eb stimulues sikurse nj\u00eb filxhan kafe t\u00eb zez\u00eb, dhe ajo mandej \u00ebsht\u00eb po aq e v\u00ebshtir p\u00ebr t\u00eb fjetur<\/em> - citat: Anne Morrow Lindbergh (shkrimtare amerikane si dhe pioniere n\u00eb aviacionin e grave n\u00eb fillim t\u00eb shekullit t\u00eb kaluar; 1906 - 2001)<\/p>\n<\/blockquote>\n<\/div>\n<\/div><\/div><\/div><div id=\"pgc-139-0-1\"  class=\"panel-grid-cell\" ><div id=\"panel-139-0-1-0\" class=\"so-panel widget widget_sow-editor panel-first-child panel-last-child\" data-index=\"1\" ><div class=\"panel-widget-style panel-widget-style-for-139-0-1-0\" ><div class=\"so-widget-sow-editor so-widget-sow-editor-base\">\n<div class=\"siteorigin-widget-tinymce textwidget\">\n\t<blockquote>\n<p class=\"western\" lang=\"sq-AL\" align=\"left\"><em>Kafeja dhe dashuria jan\u00eb m\u00eb t\u00eb mira kur jan\u00eb t\u00eb nxehta\u00a0<\/em>- proverb gjermane<\/p>\n<\/blockquote>\n<blockquote>\n<p class=\"western\" lang=\"sq-AL\" align=\"left\"><em>Pas \u00e7do gruaje t\u00eb suksesshme q\u00ebndron nj\u00eb sasi e konsiderueshme e kafes s\u00eb pir\u00eb<\/em> - citat: Stephanie Piro<\/p>\n<\/blockquote>\n<blockquote>\n<p class=\"western\" lang=\"sq-AL\" align=\"left\"><em>Burri duhet t\u00eb jet\u00eb si kafeja, i nxeht\u00eb, i \u00ebmb\u00ebl dhe i fort<\/em> - citat: Marleen Dutch<\/p>\n<\/blockquote>\n<blockquote>\n<p class=\"western\" lang=\"sq-AL\" align=\"left\"><em>Parashikimi i motit sipas filxhanit t\u00eb kafes\u00eb: \"N\u00ebse flluskat e kafes\u00eb mblidhen n\u00eb mes t\u00eb filxhanit ,prisni nj\u00eb koh\u00eb t\u00eb mir\u00eb. Kur filxhani i ngjitur af\u00ebr murit, krijon unaza, prisni shi. N\u00ebse flluskat p\u00ebrhapen n\u00eb sip\u00ebrfaqe pa ndonj\u00eb form\u00eb t\u00eb caktuar apo formacion t\u00eb ve\u00e7ant\u00eb prisni motit t\u00eb ndryshuesh\u00ebm\".<\/em> (burimi internet)<\/p>\n<\/blockquote>\n<\/div>\n<\/div><\/div><\/div><\/div><\/div><\/div><\/div>","protected":false},"excerpt":{"rendered":"<p>PROVERBA P\u00cbR KAFEN\u00cb Kafeja duhet t\u00eb jet\u00eb e err\u00ebt si nata, e nxeht\u00eb si ferri dhe e \u00ebmb\u00ebl si gruaja- proverb braziliane. Kafeja duhet t\u00eb jet\u00eb e err\u00ebt si ferri, e fort si vdekja dhe e \u00ebmb\u00ebl si dashuria &#8211; proverb turke. Kafeja \u00ebsht\u00eb e zez\u00eb , por t\u00eb zbardh faqen\u00a0&#8211; proverb nga jugu i &hellip; <a href=\"https:\/\/galla.mk\/sq\/proverba\/\" class=\"more-link\">Continue reading<span class=\"screen-reader-text\"> &#8220;Proverba&#8221;<\/span><\/a><\/p>\n","protected":false},"author":1,"featured_media":0,"parent":0,"menu_order":0,"comment_status":"closed","ping_status":"closed","template":"","meta":[],"_links":{"self":[{"href":"https:\/\/galla.mk\/sq\/wp-json\/wp\/v2\/pages\/139"}],"collection":[{"href":"https:\/\/galla.mk\/sq\/wp-json\/wp\/v2\/pages"}],"about":[{"href":"https:\/\/galla.mk\/sq\/wp-json\/wp\/v2\/types\/page"}],"author":[{"embeddable":true,"href":"https:\/\/galla.mk\/sq\/wp-json\/wp\/v2\/users\/1"}],"replies":[{"embeddable":true,"href":"https:\/\/galla.mk\/sq\/wp-json\/wp\/v2\/comments?post=139"}],"version-history":[{"count":15,"href":"https:\/\/galla.mk\/sq\/wp-json\/wp\/v2\/pages\/139\/revisions"}],"predecessor-version":[{"id":162,"href":"https:\/\/galla.mk\/sq\/wp-json\/wp\/v2\/pages\/139\/revisions\/162"}],"wp:attachment":[{"href":"https:\/\/galla.mk\/sq\/wp-json\/wp\/v2\/media?parent=139"}],"curies":[{"name":"wp","href":"https:\/\/api.w.org\/{rel}","templated":true}]}}