{"id":137,"date":"2016-02-21T15:56:53","date_gmt":"2016-02-21T15:56:53","guid":{"rendered":"http:\/\/localhost\/galla\/?page_id=137"},"modified":"2016-04-10T13:58:06","modified_gmt":"2016-04-10T13:58:06","slug":"legjenda","status":"publish","type":"page","link":"https:\/\/galla.mk\/sq\/legjenda\/","title":{"rendered":"Legjenda"},"content":{"rendered":"<div id=\"pl-137\"  class=\"panel-layout\" ><div id=\"pg-137-0\"  class=\"panel-grid panel-has-style\" ><div class=\"siteorigin-panels-stretch panel-row-style panel-row-style-for-137-0\" data-stretch-type=\"full\" ><div id=\"pgc-137-0-0\"  class=\"panel-grid-cell\" ><div id=\"panel-137-0-0-0\" class=\"so-panel widget widget_text panel-first-child panel-last-child\" data-index=\"0\" >\t\t\t<div class=\"textwidget\"><h1 style=\"color: #fff; margin-top: 100px;\">LEGJENDA E KAFES\u00cb<\/h1><\/div>\n\t\t<\/div><\/div><\/div><\/div><div id=\"pg-137-1\"  class=\"panel-grid panel-no-style\" ><div id=\"pgc-137-1-0\"  class=\"panel-grid-cell\" ><div id=\"panel-137-1-0-0\" class=\"so-panel widget widget_sow-editor panel-first-child panel-last-child\" data-index=\"1\" ><div class=\"so-widget-sow-editor so-widget-sow-editor-base\">\n<div class=\"siteorigin-widget-tinymce textwidget\">\n\t<p class=\"western\" lang=\"sq-AL\" align=\"left\">Ka shum\u00eb versione t\u00eb s\u00eb nj\u00ebjt\u00ebs histori n\u00eb lidhje me origjin\u00ebn e kafes\u00eb. Si n\u00eb shum\u00eb raste t\u00eb tjera kur b\u00ebhet fjal\u00eb p\u00ebr legjenda edhe legjenda p\u00ebr kafen ka p\u00ebsuar shum\u00eb transformime. Legjendat sigurisht q\u00eb jan\u00eb m\u00eb t\u00eb imagjinuara se sa t\u00eb dh\u00ebna historike, pa marr\u00eb parasysh sa t\u00eb dh\u00ebna kontradiktore jan\u00eb ato shpesh varen nga vendi prej ku vijn\u00eb. Prandaj ne jemi t\u00eb prirrur p\u00ebr t\u00eb pranuar dhe p\u00ebr ti ndar\u00eb me ju. Ju prezantojm\u00eb dy prej tyre. S\u00eb pari ajo e cila \u00ebsht\u00eb botuar m\u00eb shpesh dhe ndoshta m\u00eb e njohur, t\u00eb cil\u00ebn e kemi pranuar edhe si ton\u00ebn. Por do ju l\u00ebm\u00eb juve t\u00eb zgjidhni se cil\u00ebn nga ato do ta preferoni.<br \/>\nLegjenda n\u00eb interpretimin ton\u00eb t\u00eb lir\u00eb \u00ebsht\u00eb shkruar nga shkrimtar\u00ebt Evropian t\u00eb shekullit 17-t\u00eb.<\/p>\n<figure id=\"attachment_147\" aria-describedby=\"caption-attachment-147\" style=\"width: 1200px\" class=\"wp-caption alignnone\"><img loading=\"lazy\" class=\"wp-image-147 size-full\" src=\"http:\/\/galla.mk\/wp-content\/uploads\/2016\/02\/kaldi-adapted-from-uker.png\" alt=\"kaldi-adapted-from-uker\" width=\"1200\" height=\"811\" srcset=\"https:\/\/galla.mk\/wp-content\/uploads\/2016\/02\/kaldi-adapted-from-uker.png 1200w, https:\/\/galla.mk\/wp-content\/uploads\/2016\/02\/kaldi-adapted-from-uker-300x203.png 300w, https:\/\/galla.mk\/wp-content\/uploads\/2016\/02\/kaldi-adapted-from-uker-768x519.png 768w, https:\/\/galla.mk\/wp-content\/uploads\/2016\/02\/kaldi-adapted-from-uker-1024x692.png 1024w\" sizes=\"(max-width: 709px) 85vw, (max-width: 909px) 67vw, (max-width: 1362px) 62vw, 840px\" \/><figcaption id=\"caption-attachment-147\" class=\"wp-caption-text\">Origjina e kafes\u00eb: Kaldi dhe bricjapet<\/figcaption><\/figure>\n<p class=\"western\" lang=\"sq-AL\" align=\"left\">Legjenda m\u00eb popullore na \u00e7on n\u00eb ambientet e Abisinis\u00eb s\u00eb asaj kohe, Etiopia e sotshme n\u00eb vitin e hersh\u00ebm 850 \u2013ta (shekulli 9) kur bariu abisinas Kalidi (ose Khalid) nga fisi <b>Galla <\/b>ishte<b> <\/b>duke ruajtur kopen\u00eb e dhive. Ashtu i lodhur duke ecur pas kopes\u00eb t\u00ebr\u00eb m\u00ebngjesin , vendosi p\u00ebr t\u00eb b\u00ebr\u00eb nj\u00eb pushim e t\u00eb shtrihet n\u00eb hije p\u00ebr tu fshehur nga dielli i nxeht\u00eb i pasdit\u00ebs. Me nj\u00eb sy shikonte kopen\u00eb e dhive. T\u00eb nj\u00ebjt\u00ebn gj\u00eb p\u00ebrs\u00ebrite \u00e7do dit\u00eb. Ai vuri re se kopeja e dhive \u00e7do dit\u00eb dukej m\u00eb aktive kur ishin af\u00ebr nj\u00eb g\u00ebrmushe me kokrra t\u00eb kuqe me gjethe t\u00eb ndritshme e t\u00eb gjelb\u00ebr e cila p\u00ebr t\u00eb nuk ishte e njohur. Ai kuptoj se gjall\u00ebria e dhive vinte nga kokrrat q\u00eb i hanin.<\/p>\n<p class=\"western\" lang=\"sq-AL\" align=\"left\">K\u00ebshtu q\u00eb edhe ai vendosi q\u00eb ti provoj frutat e pazakont\u00eb, por u befasua kur e v\u00ebrejti se edhe atij ju kthye forca pasi h\u00ebngri kokrrat e kuqe. Me t\u00eb ardhur n\u00eb fshat vendosi q\u00eb k\u00ebt\u00eb p\u00ebrvoj\u00eb t\u00eb pa zakont\u00eb ta shp\u00ebrndaj me klerik\u00ebt e fshatit. Reagimi i tyre ndaj Khalid-it p\u00ebr fat t\u00eb keq nuk ishte ashtu si\u00e7 e priste ai. Kleriku kryesor ndryshe nga Kahlidi tha se kokrrat atribuojn\u00eb forca te err\u00ebta t\u00eb djallit dhe k\u00ebshtu nj\u00eb pjes\u00eb t\u00eb vog\u00ebl t\u00eb kokrrave t\u00eb kuqe i hodhi n\u00eb zjarr. Dhoma u mbush menj\u00ebher\u00eb me arom\u00eb t\u00eb k\u00ebndshme, aroma e cila t\u00ebrhoqi v\u00ebmendjen e t\u00eb gjith\u00eb t\u00eb pranishm\u00ebve ishte e pa njohur deri at\u00ebher\u00eb.<\/p>\n<figure id=\"attachment_150\" aria-describedby=\"caption-attachment-150\" style=\"width: 300px\" class=\"wp-caption alignleft\"><img loading=\"lazy\" class=\"wp-image-150 size-medium\" src=\"http:\/\/galla.mk\/wp-content\/uploads\/2016\/02\/Palestinian_women_grinding_coffee_beans-300x250.jpg\" alt=\"Grat\u00eb palistineze duke grryer kokrrat e kafes\u00eb\" width=\"300\" height=\"250\" srcset=\"https:\/\/galla.mk\/wp-content\/uploads\/2016\/02\/Palestinian_women_grinding_coffee_beans-300x250.jpg 300w, https:\/\/galla.mk\/wp-content\/uploads\/2016\/02\/Palestinian_women_grinding_coffee_beans.jpg 720w\" sizes=\"(max-width: 300px) 85vw, 300px\" \/><figcaption id=\"caption-attachment-150\" class=\"wp-caption-text\">Grat\u00eb palistineze duke grryer kokrrat e kafes\u00eb<\/figcaption><\/figure>\n<p class=\"western\" lang=\"sq-AL\" align=\"left\">Kleriku k\u00ebrkoi q\u00eb kokrrat t\u00eb hiqen nga zjarri, n\u00eb m\u00ebnyr\u00eb q\u00eb ata t\u00eb mund ti studiojn\u00eb dhe ndihm\u00ebsit i hodh\u00ebn n\u00eb uj\u00eb q\u00eb t\u00eb ftohen m\u00eb shpejt\u00eb. Derisa kokrrat e nxehta ishin duke u ftohur , uji kishte marr nj\u00eb ngjyr\u00eb, dhe kleriku nuk mund t\u00eb rezistonte pa provuar nj\u00eb g\u00ebllk t\u00eb l\u00ebngut me arom\u00eb aq t\u00ebrheq\u00ebse. Pija e re ishte aq e shijshme dhe efektive q\u00eb ai menj\u00ebher\u00eb e deklaroj t\u00eb mrekullueshme. Q\u00eb at\u00ebher\u00eb, klerik\u00ebt e p\u00ebrdornin rregullisht p\u00ebr vigjilje n\u00eb mbr\u00ebmje dhe gjat\u00eb lutjeve t\u00eb gjata. Kafeja u lind!<br \/>\nPija shum\u00eb shpejt u p\u00ebrhap n\u00eb mbar\u00eb bot\u00ebn dhe k\u00ebshtu erdhi deri tek ne, p\u00ebr k\u00ebnaq\u00ebsin\u00eb ton\u00eb t\u00eb madhe.<\/p>\n<p>&nbsp;<\/p>\n<figure id=\"attachment_152\" aria-describedby=\"caption-attachment-152\" style=\"width: 300px\" class=\"wp-caption alignleft\"><img loading=\"lazy\" class=\"wp-image-152 size-medium\" src=\"http:\/\/galla.mk\/wp-content\/uploads\/2016\/02\/etiopia-300x260.jpg\" alt=\"etiopia\" width=\"300\" height=\"260\" \/><figcaption id=\"caption-attachment-152\" class=\"wp-caption-text\">Harta: Etiopia<\/figcaption><\/figure>\n<p class=\"western\" lang=\"sq-AL\" align=\"left\">Nj\u00eb tjet\u00ebr legjend\u00eb, pak m\u00eb e shkurt\u00eb p\u00ebr kafen\u00eb, thot\u00eb q\u00eb ishte arabi me emrin Omer i cili ishte persekutuar n\u00eb shkret\u00ebtir\u00eb bashk\u00eb me miqt\u00eb e tij t\u00eb vdisnin nga uria, etja dhe nga dielli i pa m\u00ebshirsh\u00ebm i shkret\u00ebtir\u00ebs. Omeri u kishte gatuar miqve t\u00eb tij gjith\u00e7ka q\u00eb kishte gjetur n\u00eb natyr\u00eb, duke p\u00ebrfshir\u00eb edhe frutat e bim\u00ebs s\u00eb pa njohur q\u00eb m\u00eb von\u00eb u quajt \"Moka\" sipas qytetit m\u00eb t\u00eb af\u00ebrt Mo\u00e7i. Pija i kishte mbajtur n\u00eb jet\u00eb k\u00ebto njer\u00ebz q\u00eb vuanin d\u00ebnimin, dhe mbijetesa e tyre \u00ebsht\u00eb interpretuar si nj\u00eb shenj\u00eb e vullnetit t\u00eb Per\u00ebndis\u00eb. Pijes s\u00eb re i ja dhan\u00eb emrin \"quahwa\", e cila fjal\u00eb do t\u00eb thot\u00eb \"ajo q\u00eb parandalon gjumin\".<\/p>\n<\/div>\n<\/div><\/div><\/div><\/div><\/div>","protected":false},"excerpt":{"rendered":"<p>LEGJENDA E KAFES\u00cb Ka shum\u00eb versione t\u00eb s\u00eb nj\u00ebjt\u00ebs histori n\u00eb lidhje me origjin\u00ebn e kafes\u00eb. Si n\u00eb shum\u00eb raste t\u00eb tjera kur b\u00ebhet fjal\u00eb p\u00ebr legjenda edhe legjenda p\u00ebr kafen ka p\u00ebsuar shum\u00eb transformime. Legjendat sigurisht q\u00eb jan\u00eb m\u00eb t\u00eb imagjinuara se sa t\u00eb dh\u00ebna historike, pa marr\u00eb parasysh sa t\u00eb dh\u00ebna kontradiktore jan\u00eb &hellip; <a href=\"https:\/\/galla.mk\/sq\/legjenda\/\" class=\"more-link\">Continue reading<span class=\"screen-reader-text\"> &#8220;Legjenda&#8221;<\/span><\/a><\/p>\n","protected":false},"author":1,"featured_media":0,"parent":0,"menu_order":0,"comment_status":"closed","ping_status":"closed","template":"","meta":[],"_links":{"self":[{"href":"https:\/\/galla.mk\/sq\/wp-json\/wp\/v2\/pages\/137"}],"collection":[{"href":"https:\/\/galla.mk\/sq\/wp-json\/wp\/v2\/pages"}],"about":[{"href":"https:\/\/galla.mk\/sq\/wp-json\/wp\/v2\/types\/page"}],"author":[{"embeddable":true,"href":"https:\/\/galla.mk\/sq\/wp-json\/wp\/v2\/users\/1"}],"replies":[{"embeddable":true,"href":"https:\/\/galla.mk\/sq\/wp-json\/wp\/v2\/comments?post=137"}],"version-history":[{"count":11,"href":"https:\/\/galla.mk\/sq\/wp-json\/wp\/v2\/pages\/137\/revisions"}],"predecessor-version":[{"id":143,"href":"https:\/\/galla.mk\/sq\/wp-json\/wp\/v2\/pages\/137\/revisions\/143"}],"wp:attachment":[{"href":"https:\/\/galla.mk\/sq\/wp-json\/wp\/v2\/media?parent=137"}],"curies":[{"name":"wp","href":"https:\/\/api.w.org\/{rel}","templated":true}]}}